{"id":21,"date":"2024-10-16T09:04:18","date_gmt":"2024-10-16T12:04:18","guid":{"rendered":"https:\/\/app.rodrilan.com.br\/?page_id=21"},"modified":"2025-09-01T09:36:58","modified_gmt":"2025-09-01T12:36:58","slug":"home","status":"publish","type":"page","link":"https:\/\/app.rodrilan.com.br\/","title":{"rendered":"Home"},"content":{"rendered":"\t\t<div data-elementor-type=\"wp-page\" data-elementor-id=\"21\" class=\"elementor elementor-21\" data-elementor-post-type=\"page\">\n\t\t\t\t<div class=\"elementor-element elementor-element-915a5ca e-flex e-con-boxed e-con e-parent\" data-id=\"915a5ca\" data-element_type=\"container\">\n\t\t\t\t\t<div class=\"e-con-inner\">\n\t\t<div class=\"elementor-element elementor-element-dd8e502 e-con-full e-flex e-con e-child\" data-id=\"dd8e502\" data-element_type=\"container\">\n\t\t\t\t<div class=\"elementor-element elementor-element-de48515 elementor-widget elementor-widget-image\" data-id=\"de48515\" data-element_type=\"widget\" data-widget_type=\"image.default\">\n\t\t\t\t<div class=\"elementor-widget-container\">\n\t\t\t\t\t\t\t\t\t\t\t\t\t\t\t<img fetchpriority=\"high\" decoding=\"async\" width=\"472\" height=\"1024\" src=\"https:\/\/app.rodrilan.com.br\/wp-content\/uploads\/2024\/10\/rodrilan-472x1024.png\" class=\"attachment-large size-large wp-image-42\" alt=\"\" srcset=\"https:\/\/app.rodrilan.com.br\/wp-content\/uploads\/2024\/10\/rodrilan-472x1024.png 472w, https:\/\/app.rodrilan.com.br\/wp-content\/uploads\/2024\/10\/rodrilan-600x1300.png 600w, https:\/\/app.rodrilan.com.br\/wp-content\/uploads\/2024\/10\/rodrilan-138x300.png 138w, https:\/\/app.rodrilan.com.br\/wp-content\/uploads\/2024\/10\/rodrilan-768x1665.png 768w, https:\/\/app.rodrilan.com.br\/wp-content\/uploads\/2024\/10\/rodrilan-709x1536.png 709w, https:\/\/app.rodrilan.com.br\/wp-content\/uploads\/2024\/10\/rodrilan-945x2048.png 945w, https:\/\/app.rodrilan.com.br\/wp-content\/uploads\/2024\/10\/rodrilan.png 1290w\" sizes=\"(max-width: 472px) 100vw, 472px\" \/>\t\t\t\t\t\t\t\t\t\t\t\t\t\t\t<\/div>\n\t\t\t\t<\/div>\n\t\t\t\t<div class=\"elementor-element elementor-element-e5750f8 elementor-widget elementor-widget-button\" data-id=\"e5750f8\" data-element_type=\"widget\" data-widget_type=\"button.default\">\n\t\t\t\t<div class=\"elementor-widget-container\">\n\t\t\t\t\t\t\t\t\t<div class=\"elementor-button-wrapper\">\n\t\t\t\t\t<a class=\"elementor-button elementor-button-link elementor-size-sm\" href=\"https:\/\/wa.me\/5521979786462\">\n\t\t\t\t\t\t<span class=\"elementor-button-content-wrapper\">\n\t\t\t\t\t\t\t\t\t<span class=\"elementor-button-text\">Pe\u00e7a Sua<\/span>\n\t\t\t\t\t<\/span>\n\t\t\t\t\t<\/a>\n\t\t\t\t<\/div>\n\t\t\t\t\t\t\t\t<\/div>\n\t\t\t\t<\/div>\n\t\t\t\t<\/div>\n\t\t<div class=\"elementor-element elementor-element-fb22876 e-con-full e-flex e-con e-child\" data-id=\"fb22876\" data-element_type=\"container\">\n\t\t\t\t<div class=\"elementor-element elementor-element-0f00f6c elementor-widget elementor-widget-text-editor\" data-id=\"0f00f6c\" data-element_type=\"widget\" data-widget_type=\"text-editor.default\">\n\t\t\t\t<div class=\"elementor-widget-container\">\n\t\t\t\t\t\t\t\t\t<div class=\"woocommerce-product-details__short-description\"><p><strong>Perfeita para pessoas f\u00edsicas, freelancers e pequenas empresas que buscam organiza\u00e7\u00e3o e praticidade no dia a dia. *<\/strong><\/p><\/div><form class=\"cart\" action=\"https:\/\/gdc.personallivre.com.br\/shop\/carteira-funcional-digital\/\" enctype=\"multipart\/form-data\" method=\"post\"><\/form>\t\t\t\t\t\t\t\t<\/div>\n\t\t\t\t<\/div>\n\t\t\t\t<div class=\"elementor-element elementor-element-353106e elementor-widget elementor-widget-text-editor\" data-id=\"353106e\" data-element_type=\"widget\" data-widget_type=\"text-editor.default\">\n\t\t\t\t<div class=\"elementor-widget-container\">\n\t\t\t\t\t\t\t\t\t<p><b>\u00a0Conhe\u00e7a a Carteira Funcional Digital da GDC Desenvolvimento! <img decoding=\"async\" class=\"emoji\" role=\"img\" draggable=\"false\" src=\"https:\/\/s.w.org\/images\/core\/emoji\/15.0.3\/svg\/1f31f.svg\" alt=\"\ud83c\udf1f\" \/>**<\/b><\/p><p><img decoding=\"async\" class=\"emoji\" role=\"img\" draggable=\"false\" src=\"https:\/\/s.w.org\/images\/core\/emoji\/15.0.3\/svg\/1f4f2.svg\" alt=\"\ud83d\udcf2\" \/> **Sua Solu\u00e7\u00e3o Completa para Gest\u00e3o Financeira!**<\/p><p>Com a Carteira Funcional Digital GDC, voc\u00ea tem acesso a uma ferramenta poderosa para gerenciar suas finan\u00e7as de forma pr\u00e1tica e eficiente.<\/p><p><img decoding=\"async\" class=\"emoji\" role=\"img\" draggable=\"false\" src=\"https:\/\/s.w.org\/images\/core\/emoji\/15.0.3\/svg\/2705.svg\" alt=\"\u2705\" \/> **Principais Funcionalidades:**<br \/>chega\u00a0 de carregar documentos\u00a0 \u00a0na\u00a0 carteira\u00a0 prote\u00e7\u00e3o de\u00a0 dados<\/p><p>Facilidade de indentifica\u00e7\u00e3o<\/p><p>Id unico.<\/p><p><img decoding=\"async\" class=\"emoji\" role=\"img\" draggable=\"false\" src=\"https:\/\/s.w.org\/images\/core\/emoji\/15.0.3\/svg\/1f512.svg\" alt=\"\ud83d\udd12\" \/> **Seguran\u00e7a em Primeiro Lugar!**<br \/>Sua seguran\u00e7a \u00e9 nossa prioridade. Nossa tecnologia protege suas informa\u00e7\u00f5es com alta criptografia.<\/p><p><img decoding=\"async\" class=\"emoji\" role=\"img\" draggable=\"false\" src=\"https:\/\/s.w.org\/images\/core\/emoji\/15.0.3\/svg\/1f4a1.svg\" alt=\"\ud83d\udca1\" \/> **Ideal para Todos!**<\/p>\t\t\t\t\t\t\t\t<\/div>\n\t\t\t\t<\/div>\n\t\t\t\t<\/div>\n\t\t\t\t\t<\/div>\n\t\t\t\t<\/div>\n\t\t<div class=\"elementor-element elementor-element-59b17b8 e-flex e-con-boxed e-con e-parent\" data-id=\"59b17b8\" data-element_type=\"container\">\n\t\t\t\t\t<div class=\"e-con-inner\">\n\t\t<div class=\"elementor-element elementor-element-87cb3fb e-con-full e-flex e-con e-child\" data-id=\"87cb3fb\" data-element_type=\"container\">\n\t\t\t\t<div class=\"elementor-element elementor-element-01e7b33 elementor-widget elementor-widget-image\" data-id=\"01e7b33\" data-element_type=\"widget\" data-widget_type=\"image.default\">\n\t\t\t\t<div class=\"elementor-widget-container\">\n\t\t\t\t\t\t\t\t\t\t\t\t\t\t\t<img decoding=\"async\" width=\"500\" height=\"200\" src=\"https:\/\/app.rodrilan.com.br\/wp-content\/uploads\/2024\/10\/comecando.png\" class=\"attachment-large size-large wp-image-34\" alt=\"\" srcset=\"https:\/\/app.rodrilan.com.br\/wp-content\/uploads\/2024\/10\/comecando.png 500w, https:\/\/app.rodrilan.com.br\/wp-content\/uploads\/2024\/10\/comecando-300x120.png 300w\" sizes=\"(max-width: 500px) 100vw, 500px\" \/>\t\t\t\t\t\t\t\t\t\t\t\t\t\t\t<\/div>\n\t\t\t\t<\/div>\n\t\t\t\t<\/div>\n\t\t<div class=\"elementor-element elementor-element-f1ce4a5 e-con-full e-flex e-con e-child\" data-id=\"f1ce4a5\" data-element_type=\"container\">\n\t\t\t\t<div class=\"elementor-element elementor-element-a0b8820 elementor-widget elementor-widget-text-editor\" data-id=\"a0b8820\" data-element_type=\"widget\" data-widget_type=\"text-editor.default\">\n\t\t\t\t<div class=\"elementor-widget-container\">\n\t\t\t\t\t\t\t\t\t<ul><li>&#8211; Chega de carregar documentos na carteira<br \/>&#8211; Prote\u00e7\u00e3o de dados com alta criptografia<br \/>&#8211; Facilidade de identifica\u00e7\u00e3o com ID \u00fanico<\/li><li>Nossa prioridade \u00e9 a seguran\u00e7a das suas informa\u00e7\u00f5es, garantindo que tudo esteja protegido com a mais alta tecnologia.<\/li><\/ul>\t\t\t\t\t\t\t\t<\/div>\n\t\t\t\t<\/div>\n\t\t\t\t<\/div>\n\t\t\t\t\t<\/div>\n\t\t\t\t<\/div>\n\t\t<div class=\"elementor-element elementor-element-e2ca12a e-flex e-con-boxed e-con e-parent\" data-id=\"e2ca12a\" data-element_type=\"container\">\n\t\t\t\t\t<div class=\"e-con-inner\">\n\t\t<div class=\"elementor-element elementor-element-f111e76 e-con-full e-flex e-con e-child\" data-id=\"f111e76\" data-element_type=\"container\">\n\t\t\t\t<div class=\"elementor-element elementor-element-0e0312f elementor-widget elementor-widget-image\" data-id=\"0e0312f\" data-element_type=\"widget\" data-widget_type=\"image.default\">\n\t\t\t\t<div class=\"elementor-widget-container\">\n\t\t\t\t\t\t\t\t\t\t\t\t\t\t\t<img decoding=\"async\" width=\"600\" height=\"200\" src=\"https:\/\/app.rodrilan.com.br\/wp-content\/uploads\/2024\/10\/Carteira-Digital.png\" class=\"attachment-large size-large wp-image-35\" alt=\"\" srcset=\"https:\/\/app.rodrilan.com.br\/wp-content\/uploads\/2024\/10\/Carteira-Digital.png 600w, https:\/\/app.rodrilan.com.br\/wp-content\/uploads\/2024\/10\/Carteira-Digital-300x100.png 300w\" sizes=\"(max-width: 600px) 100vw, 600px\" \/>\t\t\t\t\t\t\t\t\t\t\t\t\t\t\t<\/div>\n\t\t\t\t<\/div>\n\t\t\t\t<\/div>\n\t\t<div class=\"elementor-element elementor-element-fe3c91d e-con-full e-flex e-con e-child\" data-id=\"fe3c91d\" data-element_type=\"container\">\n\t\t\t\t<div class=\"elementor-element elementor-element-5f7c371 elementor-widget elementor-widget-text-editor\" data-id=\"5f7c371\" data-element_type=\"widget\" data-widget_type=\"text-editor.default\">\n\t\t\t\t<div class=\"elementor-widget-container\">\n\t\t\t\t\t\t\t\t\t<p>nossa Carteira Funcional Digital \u00e9 ideal para todos! Seja voc\u00ea uma igreja, associa\u00e7\u00e3o, ONG, empresa, ou mesmo uma pessoa f\u00edsica, freelancer ou pequena empresa buscando organiza\u00e7\u00e3o e praticidade no dia a dia.<\/p>\t\t\t\t\t\t\t\t<\/div>\n\t\t\t\t<\/div>\n\t\t\t\t<div class=\"elementor-element elementor-element-2106bd6 elementor-align-center elementor-widget elementor-widget-button\" data-id=\"2106bd6\" data-element_type=\"widget\" data-widget_type=\"button.default\">\n\t\t\t\t<div class=\"elementor-widget-container\">\n\t\t\t\t\t\t\t\t\t<div class=\"elementor-button-wrapper\">\n\t\t\t\t\t<a class=\"elementor-button elementor-button-link elementor-size-sm\" href=\"https:\/\/wa.me\/5521979618766\">\n\t\t\t\t\t\t<span class=\"elementor-button-content-wrapper\">\n\t\t\t\t\t\t\t\t\t<span class=\"elementor-button-text\">Cadastre-se <\/span>\n\t\t\t\t\t<\/span>\n\t\t\t\t\t<\/a>\n\t\t\t\t<\/div>\n\t\t\t\t\t\t\t\t<\/div>\n\t\t\t\t<\/div>\n\t\t\t\t<\/div>\n\t\t\t\t\t<\/div>\n\t\t\t\t<\/div>\n\t\t\t\t<\/div>\n\t\t","protected":false},"excerpt":{"rendered":"<p>Pe\u00e7a Sua Perfeita para pessoas f\u00edsicas, freelancers e pequenas empresas que buscam organiza\u00e7\u00e3o e praticidade no dia a dia. * \u00a0Conhe\u00e7a a Carteira Funcional Digital da GDC Desenvolvimento! ** **Sua Solu\u00e7\u00e3o Completa para Gest\u00e3o Financeira!** Com a Carteira Funcional Digital GDC, voc\u00ea tem acesso a uma ferramenta poderosa para gerenciar suas finan\u00e7as de forma pr\u00e1tica [&hellip;]<\/p>\n","protected":false},"author":1,"featured_media":0,"parent":0,"menu_order":0,"comment_status":"closed","ping_status":"closed","template":"elementor_header_footer","meta":{"footnotes":""},"class_list":["post-21","page","type-page","status-publish","hentry"],"_links":{"self":[{"href":"https:\/\/app.rodrilan.com.br\/index.php\/wp-json\/wp\/v2\/pages\/21","targetHints":{"allow":["GET"]}}],"collection":[{"href":"https:\/\/app.rodrilan.com.br\/index.php\/wp-json\/wp\/v2\/pages"}],"about":[{"href":"https:\/\/app.rodrilan.com.br\/index.php\/wp-json\/wp\/v2\/types\/page"}],"author":[{"embeddable":true,"href":"https:\/\/app.rodrilan.com.br\/index.php\/wp-json\/wp\/v2\/users\/1"}],"replies":[{"embeddable":true,"href":"https:\/\/app.rodrilan.com.br\/index.php\/wp-json\/wp\/v2\/comments?post=21"}],"version-history":[{"count":20,"href":"https:\/\/app.rodrilan.com.br\/index.php\/wp-json\/wp\/v2\/pages\/21\/revisions"}],"predecessor-version":[{"id":111,"href":"https:\/\/app.rodrilan.com.br\/index.php\/wp-json\/wp\/v2\/pages\/21\/revisions\/111"}],"wp:attachment":[{"href":"https:\/\/app.rodrilan.com.br\/index.php\/wp-json\/wp\/v2\/media?parent=21"}],"curies":[{"name":"wp","href":"https:\/\/api.w.org\/{rel}","templated":true}]}}